{"id":2277,"date":"2025-07-16T04:23:49","date_gmt":"2025-07-16T04:23:49","guid":{"rendered":"https:\/\/nomad-safari.com\/about-us\/"},"modified":"2026-05-10T12:25:35","modified_gmt":"2026-05-10T12:25:35","slug":"about-us","status":"publish","type":"page","link":"https:\/\/nomad-safari.com\/it\/about-us\/","title":{"rendered":"Chi siamo"},"content":{"rendered":"\t\t<div data-elementor-type=\"wp-page\" data-elementor-id=\"2277\" class=\"elementor elementor-2277 elementor-849\">\n\t\t\t\t<div class=\"elementor-element elementor-element-fd44be5 e-flex e-con-boxed e-con e-parent\" data-id=\"fd44be5\" data-element_type=\"container\" data-e-type=\"container\">\n\t\t\t\t\t<div class=\"e-con-inner\">\n\t\t\t\t\t\t\t<h2 \n\t\tdata-interaction-id=\"0726b9c\" \n\t\tclass=\"e-0726b9c-66f3c35 e-heading-base\" \n\t\t \n\t\t\n\t>\n\t\n\t\t\tNomad Safari\n\t\t<\/h2>\n\t\t\t\t<div class=\"elementor-element elementor-element-41fd255 e-con e-atomic-element e-flexbox-base\" data-id=\"41fd255\" data-element_type=\"e-flexbox\" data-e-type=\"e-flexbox\" data-interaction-id=\"41fd255\">\n\t\t\t\t\t\t\t\t<p class=\"e-paragraph-base\" data-interaction-id=\"a2de869\"  >\n\t\t\t\t\t\t\t\t<br>Nomad Safari \u00e8 un fornitore di escursioni di lusso con sede a Sharm El Sheikh, nato per i viaggiatori che cercano qualcosa di pi\u00f9 di un semplice tour standard. Progettiamo e offriamo esperienze di alta qualit\u00e0, nel deserto e in mare, che fondono comfort, sicurezza e vera avventura in un percorso fluido e perfettamente organizzato. <br><br>Il nostro obiettivo \u00e8 offrire un'esperienza di viaggio completa che metta in risalto la bellezza naturale del Sinai e del Mar Rosso. Dai safari emozionanti in 4x4 nel deserto e quad nelle montagne alle rilassanti crociere in yacht e snorkeling in acque cristalline, ogni viaggio \u00e8 pianificato per offrire agli ospiti un perfetto equilibrio tra emozione e relax. <br><br>Lavoriamo con un team locale professionale che conosce ogni dettaglio della destinazione. Dal prelievo in hotel al rientro finale, ci assicuriamo che tutto proceda senza intoppi, con attenzione al servizio, alla puntualit\u00e0 e al comfort degli ospiti. Che tu stia viaggiando in coppia, in famiglia o in gruppo, offriamo opzioni flessibili e private per soddisfare diverse esigenze.  <br><br>Da Nomad Safari, la nostra missione \u00e8 semplice: creare ricordi indimenticabili attraverso esperienze sicure, ben organizzate e premium che mostrano il meglio di Sharm El Sheikh.\n\t\t\t\t\t<\/p>\n\t\t\t\t<\/div>\n\t\t\t\t\t<\/div>\n\t\t\t\t<\/div>\n\t\t<div class=\"elementor-element elementor-element-e1d444a e-flex e-con-boxed e-con e-parent\" data-id=\"e1d444a\" data-element_type=\"container\" data-e-type=\"container\">\n\t\t\t\t\t<div class=\"e-con-inner\">\n\t\t\t\t<div class=\"elementor-element elementor-element-437d024 elementor-widget elementor-widget-go-about\" data-id=\"437d024\" data-element_type=\"widget\" data-e-type=\"widget\" data-widget_type=\"go-about.default\">\n\t\t\t\t<div class=\"elementor-widget-container\">\n\t\t\t\t\t<div class=\"tv-ab1-content d-flex\">\n    <div class=\"tv-ab1-title over-hidden\">\n        <div class=\"tv-sec-title1  headline-1\">\n                        <div class=\"subtitle  tv-sub-tilte tv-sub-anim\">\n                Avventure di Lusso a            <\/div>\n                        <h1 class=\"elementor-gt-heading sec_title  tv-sec-title tv-has-anim\">Sharm El Sheikh<\/h1>        <\/div>\n                    <div class=\"tv-ab1-img1 ptx-image-appear1 over-hidden mt-45\">\n                <img decoding=\"async\" class=\"ptx-img-rvl_1\" src=\"http:\/\/nomad-safari.com\/wp-content\/uploads\/2026\/05\/sharm-el-sheikh-private-city-tour-with-atv-and-bedouin-tent-3100915.webp\" alt=\"\">\n            <\/div>\n            <\/div>\n    <div class=\"tv-ab1-feature pt-25 pera-content\">\n                            <div class=\"tv-ab1-ft-item-wrap mt-50\">\n                                <div class=\"tv-ab1-ft-item\">\n                    <div class=\"item-icon\">\n                        <i aria-hidden=\"true\" class=\"flaticon flaticon-travel\"><\/i>                    <\/div>\n                    <div class=\"item-text headline-1 pera-content\">\n                        <h3>Perch\u00e9 Noi<\/h3>\n                        <p>Nomad Safari, offre safari nel deserto, gite in barca e prelievo in hotel per un'esperienza senza problemi.<\/p>\n                    <\/div>\n                <\/div>\n                                <div class=\"tv-ab1-ft-item\">\n                    <div class=\"item-icon\">\n                        <i aria-hidden=\"true\" class=\"flaticon flaticon-road-trip\"><\/i>                    <\/div>\n                    <div class=\"item-text headline-1 pera-content\">\n                        <h3>I Nostri Viaggi<\/h3>\n                        <p>Safari nel deserto, quad, cene beduine, escursioni di snorkeling, crociere in yacht.<\/p>\n                    <\/div>\n                <\/div>\n                            <\/div>\n                            <div class=\"tv-btn1 btn-spin text-uppercase\">\n                <a href=\"https:\/\/nomad-safari.com\/contact\/\">Scopri di pi\u00f9 su di noi<\/a>\n            <\/div>\n            <\/div>\n    <div class=\"tv-ab1-img2 position-relative\">\n                    <span class=\"tv-ab1-img3 tv_img_view position-absolute\"><img decoding=\"async\" src=\"http:\/\/nomad-safari.com\/wp-content\/uploads\/2026\/05\/e2ef0124-2e59-431a-98c8-ce89e9ec9a50-removebg-preview-e1778400845617.webp\" alt=\"\"><\/span>\n                <div class=\"item-img\">\n            <video autoplay=\"\" muted=\"\" loop=\"\" playsinline=\"\" preload=\"metadata\"><source src=\"\n            http:\/\/nomad-safari.com\/wp-content\/uploads\/2026\/05\/mp4.mp4            \" type=\"video\/mp4\">\n\t\t\t\t<\/video>\n        <\/div>\n            <\/div>\n<\/div>\t\t\t\t<\/div>\n\t\t\t\t<\/div>\n\t\t\t\t\t<\/div>\n\t\t\t\t<\/div>\n\t\t<div class=\"elementor-element elementor-element-8ba237f e-con-full e-flex e-con e-parent\" data-id=\"8ba237f\" data-element_type=\"container\" data-e-type=\"container\">\n\t\t\t\t<div class=\"elementor-element elementor-element-473531f elementor-widget elementor-widget-go-s-heading\" data-id=\"473531f\" data-element_type=\"widget\" data-e-type=\"widget\" data-widget_type=\"go-s-heading.default\">\n\t\t\t\t<div class=\"elementor-widget-container\">\n\t\t\t\t\t<div class=\"tv-sec-title1 text-center headline-1\">\n            <div class=\"subtitle  tv-sub-tilte tv-sub-anim\">\n            Safari di Lusso a        <\/div>\n        <h1 class=\"elementor-gt-heading sec_title  tv-sec-title tv-has-anim\">Sharm El Sheikh<\/h1><\/div>\t\t\t\t<\/div>\n\t\t\t\t<\/div>\n\t\t\t\t<div class=\"elementor-element elementor-element-58bd452 elementor-widget elementor-widget-go-service\" data-id=\"58bd452\" data-element_type=\"widget\" data-e-type=\"widget\" data-widget_type=\"go-service.default\">\n\t\t\t\t<div class=\"elementor-widget-container\">\n\t\t\t\t\t<div class=\"tv-holiday-content mt-30\">\n            <div class=\"tv-holiday-item d-flex top_view  justify-content-between\">\n                            <div class=\"item-img\">\n                    <img decoding=\"async\" src=\"http:\/\/nomad-safari.com\/wp-content\/uploads\/2026\/05\/nomad-e1778313240115.png\" alt=\"\">\n                <\/div>\n                        <div class=\"item-text headline-1 pera-content\">\n                <h3><a target=\"_self\" rel=\"\" href=\"\">Esperienze di Lusso<\/a><\/h3>\n                                    <p>Safari di lusso nel deserto e gite in barca nel Mar Rosso a Sharm El Sheikh con Nomad Safari, progettati per offrire comfort, stile e viaggi ben organizzati per ogni ospite.<\/p>\n                            <\/div>\n                    <\/div>\n            <div class=\"tv-holiday-item d-flex top_view ver_2 justify-content-between\">\n                        <div class=\"item-text headline-1 pera-content\">\n                <h3><a target=\"_self\" rel=\"\" href=\"\">Servizio Professionale<\/a><\/h3>\n                                    <p>Un team locale affidabile che offre escursioni sicure e autorizzate con prelievo e rientro in hotel, opzioni di tour privati e assistenza completa dalla prenotazione fino alla fine della tua esperienza.<\/p>\n                            <\/div>\n                            <div class=\"item-img\">\n                    <img decoding=\"async\" src=\"http:\/\/nomad-safari.com\/wp-content\/uploads\/2026\/05\/service-e1778313095789.png\" alt=\"\">\n                <\/div>\n                    <\/div>\n            <div class=\"tv-holiday-item d-flex top_view ver_3 justify-content-between\">\n                            <div class=\"item-img\">\n                    <img decoding=\"async\" src=\"http:\/\/nomad-safari.com\/wp-content\/uploads\/2026\/05\/adventure-e1778313331279.png\" alt=\"\">\n                <\/div>\n                        <div class=\"item-text headline-1 pera-content\">\n                <h3><a target=\"_self\" rel=\"\" href=\"\">Avventura e Variet\u00e0<\/a><\/h3>\n                                    <p>Un mix completo di attivit\u00e0 nel deserto e in mare tra cui safari in 4x4, quad, snorkeling, crociere in yacht ed esperienze culturali su misura per coppie, famiglie e gruppi.<\/p>\n                            <\/div>\n                    <\/div>\n    <\/div>\t\t\t\t<\/div>\n\t\t\t\t<\/div>\n\t\t\t\t<\/div>\n\t\t<div class=\"elementor-element elementor-element-1ce5e39 e-flex e-con-boxed e-con e-parent\" data-id=\"1ce5e39\" data-element_type=\"container\" data-e-type=\"container\">\n\t\t\t\t\t<div class=\"e-con-inner\">\n\t\t\t\t<div class=\"elementor-element elementor-element-ae2edd5 elementor-widget elementor-widget-agr-brand-c\" data-id=\"ae2edd5\" data-element_type=\"widget\" data-e-type=\"widget\" data-widget_type=\"agr-brand-c.default\">\n\t\t\t\t<div class=\"elementor-widget-container\">\n\t\t\t\t\t<div class=\"tv-sponsor-content headline-1 text-center\">\n            <h3>Scelto da <\/h3>\n        <div class=\"ra-sponsor-slider  swiper-container\">\n        <div class=\"swiper-wrapper\">\n                            <div class=\"swiper-slide\">\n                    <div class=\"ra-sponsor-img\">\n                        <div class=\"item-img\">\n                            <img decoding=\"async\" src=\"http:\/\/nomad-safari.com\/wp-content\/uploads\/2026\/05\/ministry.png\" alt=\"List\">\n                        <\/div>\n                    <\/div>\n                <\/div>\n                            <div class=\"swiper-slide\">\n                    <div class=\"ra-sponsor-img\">\n                        <div class=\"item-img\">\n                            <img decoding=\"async\" src=\"http:\/\/nomad-safari.com\/wp-content\/uploads\/2026\/05\/south-sinai.png\" alt=\"List\">\n                        <\/div>\n                    <\/div>\n                <\/div>\n                    <\/div>\n    <\/div>\n<\/div>\t\t\t\t<\/div>\n\t\t\t\t<\/div>\n\t\t\t\t\t<\/div>\n\t\t\t\t<\/div>\n\t\t\t\t<\/div>\n\t\t","protected":false},"excerpt":{"rendered":"<p>Nomad Safari Nomad Safari \u00e8 un fornitore di escursioni di lusso con sede a Sharm El Sheikh, nato per i viaggiatori che cercano qualcosa di pi\u00f9 di un semplice tour standard. Progettiamo e offriamo esperienze di alta qualit\u00e0, nel deserto e in mare, che fondono comfort, sicurezza e vera avventura in un percorso fluido e [&hellip;]<\/p>\n","protected":false},"author":1,"featured_media":0,"parent":0,"menu_order":0,"comment_status":"closed","ping_status":"closed","template":"","meta":{"footnotes":""},"class_list":["post-2277","page","type-page","status-publish","hentry"],"_links":{"self":[{"href":"https:\/\/nomad-safari.com\/it\/wp-json\/wp\/v2\/pages\/2277","targetHints":{"allow":["GET"]}}],"collection":[{"href":"https:\/\/nomad-safari.com\/it\/wp-json\/wp\/v2\/pages"}],"about":[{"href":"https:\/\/nomad-safari.com\/it\/wp-json\/wp\/v2\/types\/page"}],"author":[{"embeddable":true,"href":"https:\/\/nomad-safari.com\/it\/wp-json\/wp\/v2\/users\/1"}],"replies":[{"embeddable":true,"href":"https:\/\/nomad-safari.com\/it\/wp-json\/wp\/v2\/comments?post=2277"}],"version-history":[{"count":3,"href":"https:\/\/nomad-safari.com\/it\/wp-json\/wp\/v2\/pages\/2277\/revisions"}],"predecessor-version":[{"id":2802,"href":"https:\/\/nomad-safari.com\/it\/wp-json\/wp\/v2\/pages\/2277\/revisions\/2802"}],"wp:attachment":[{"href":"https:\/\/nomad-safari.com\/it\/wp-json\/wp\/v2\/media?parent=2277"}],"curies":[{"name":"wp","href":"https:\/\/api.w.org\/{rel}","templated":true}]}}